{"id":1599,"date":"2026-03-17T15:51:53","date_gmt":"2026-03-17T14:51:53","guid":{"rendered":"https:\/\/heide-hotel-reinstorf.de\/inquiry-form\/"},"modified":"2026-03-19T13:24:03","modified_gmt":"2026-03-19T12:24:03","slug":"inquiry-form","status":"publish","type":"page","link":"https:\/\/heide-hotel-reinstorf.de\/en\/inquiry-form\/","title":{"rendered":"Inquiry Form"},"content":{"rendered":"\t\t<div data-elementor-type=\"wp-page\" data-elementor-id=\"1599\" class=\"elementor elementor-1599 elementor-1164\" data-elementor-post-type=\"page\">\n\t\t\t\t<div class=\"elementor-element elementor-element-34c1dd95 e-flex e-con-boxed e-con e-parent\" data-id=\"34c1dd95\" data-element_type=\"container\" data-e-type=\"container\">\n\t\t\t\t\t<div class=\"e-con-inner\">\n\t\t\t\t<div class=\"elementor-element elementor-element-3eaf8f52 elementor-widget-divider--view-line elementor-widget elementor-widget-divider\" data-id=\"3eaf8f52\" data-element_type=\"widget\" data-e-type=\"widget\" data-widget_type=\"divider.default\">\n\t\t\t\t\t\t\t<div class=\"elementor-divider\">\n\t\t\t<span class=\"elementor-divider-separator\">\n\t\t\t\t\t\t<\/span>\n\t\t<\/div>\n\t\t\t\t\t\t<\/div>\n\t\t\t\t\t<\/div>\n\t\t\t\t<\/div>\n\t\t<div class=\"elementor-element elementor-element-1edef4d4 e-flex e-con-boxed e-con e-parent\" data-id=\"1edef4d4\" data-element_type=\"container\" data-e-type=\"container\">\n\t\t\t\t\t<div class=\"e-con-inner\">\n\t\t\t\t<div class=\"elementor-element elementor-element-331e953f elementor-widget elementor-widget-heading\" data-id=\"331e953f\" data-element_type=\"widget\" data-e-type=\"widget\" data-widget_type=\"heading.default\">\n\t\t\t\t\t<h1 class=\"elementor-heading-title elementor-size-default\">Enquiry<\/h1>\t\t\t\t<\/div>\n\t\t\t\t\t<\/div>\n\t\t\t\t<\/div>\n\t\t<div class=\"elementor-element elementor-element-8940f78 e-flex e-con-boxed e-con e-parent\" data-id=\"8940f78\" data-element_type=\"container\" data-e-type=\"container\">\n\t\t\t\t\t<div class=\"e-con-inner\">\n\t\t\t\t<div class=\"elementor-element elementor-element-6d7b349 elementor-widget__width-initial elementor-widget elementor-widget-shortcode\" data-id=\"6d7b349\" data-element_type=\"widget\" data-e-type=\"widget\" data-widget_type=\"shortcode.default\">\n\t\t\t\t\t\t\t<div class=\"elementor-shortcode\"><style id=\"wpforms-css-vars-1161\">\n\t\t\t\t#wpforms-1161 {\n\t\t\t\t--wpforms-field-border-radius: 0px;\n--wpforms-field-border-color: rgba(0, 0, 0, 0.25);\n--wpforms-field-border-color-spare: rgba(0, 0, 0, 0.25);\n--wpforms-field-text-color: rgba(0, 0, 0, 0.7);\n--wpforms-label-color: rgba(0, 0, 0, 0.85);\n--wpforms-label-sublabel-color: rgba(0, 0, 0, 0.55);\n--wpforms-button-border-radius: 0px;\n--wpforms-button-background-color: #892965;\n--wpforms-container-padding: 0px;\n--wpforms-container-border-width: 1px;\n--wpforms-container-border-radius: 3px;\n--wpforms-background-color: rgba(0, 0, 0, 0);\n--wpforms-field-size-input-height: 43px;\n--wpforms-field-size-input-spacing: 15px;\n--wpforms-field-size-font-size: 16px;\n--wpforms-field-size-line-height: 19px;\n--wpforms-field-size-padding-h: 14px;\n--wpforms-field-size-checkbox-size: 16px;\n--wpforms-field-size-sublabel-spacing: 5px;\n--wpforms-field-size-icon-size: 1;\n--wpforms-label-size-font-size: 16px;\n--wpforms-label-size-line-height: 19px;\n--wpforms-label-size-sublabel-font-size: 14px;\n--wpforms-label-size-sublabel-line-height: 17px;\n--wpforms-button-size-font-size: 17px;\n--wpforms-button-size-height: 41px;\n--wpforms-button-size-padding-h: 15px;\n--wpforms-button-size-margin-top: 10px;\n--wpforms-container-shadow-size-box-shadow: none;\n\t\t\t}\n\t\t\t<\/style><div class=\"wpforms-container wpforms-container-full wpforms-render-modern\" id=\"wpforms-1161\"><form id=\"wpforms-form-1161\" class=\"wpforms-validate wpforms-form\" data-formid=\"1161\" method=\"post\" enctype=\"multipart\/form-data\" action=\"\/en\/wp-json\/wp\/v2\/pages\/1599\" data-token=\"cfa88b446452136c7a50bf7d5b05910e\" data-token-time=\"1777494042\"><noscript class=\"wpforms-error-noscript\">Please enable JavaScript in your browser to complete this form.<\/noscript><div id=\"wpforms-error-noscript\" style=\"display: none;\">Please enable JavaScript in your browser to complete this form.<\/div><div class=\"wpforms-field-container\"><div id=\"wpforms-1161-field_1-container\" class=\"wpforms-field wpforms-field-text\" data-field-id=\"1\"><label class=\"wpforms-field-label\" for=\"wpforms-1161-field_1\">Name <span class=\"wpforms-required-label\" aria-hidden=\"true\">*<\/span><\/label><input type=\"text\" id=\"wpforms-1161-field_1\" class=\"wpforms-field-medium wpforms-field-required\" name=\"wpforms[fields][1]\" aria-errormessage=\"wpforms-1161-field_1-error\" required><\/div><div id=\"wpforms-1161-field_2-container\" class=\"wpforms-field wpforms-field-text\" data-field-id=\"2\"><label class=\"wpforms-field-label\" for=\"wpforms-1161-field_2\">Company<\/label><input type=\"text\" id=\"wpforms-1161-field_2\" class=\"wpforms-field-medium\" name=\"wpforms[fields][2]\" aria-errormessage=\"wpforms-1161-field_2-error\" ><\/div><div id=\"wpforms-1161-field_3-container\" class=\"wpforms-field wpforms-field-email\" data-field-id=\"3\"><label class=\"wpforms-field-label\" for=\"wpforms-1161-field_3\">Email <span class=\"wpforms-required-label\" aria-hidden=\"true\">*<\/span><\/label><input type=\"email\" id=\"wpforms-1161-field_3\" class=\"wpforms-field-medium wpforms-field-required\" name=\"wpforms[fields][3]\" spellcheck=\"false\" aria-errormessage=\"wpforms-1161-field_3-error\" required><\/div><div id=\"wpforms-1161-field_12-container\" class=\"wpforms-field wpforms-field-text\" data-field-id=\"12\"><label class=\"wpforms-field-label\" for=\"wpforms-1161-field_12\">Phone number<\/label><input type=\"text\" id=\"wpforms-1161-field_12\" class=\"wpforms-field-medium\" name=\"wpforms[fields][12]\" aria-errormessage=\"wpforms-1161-field_12-error\" ><\/div><div id=\"wpforms-1161-field_5-container\" class=\"wpforms-field wpforms-field-checkbox\" data-field-id=\"5\"><fieldset><legend class=\"wpforms-field-label\">I am interested in: <span class=\"wpforms-required-label\" aria-hidden=\"true\">*<\/span><\/legend><ul id=\"wpforms-1161-field_5\" class=\"wpforms-field-required\"><li class=\"choice-0 depth-1\"><input type=\"checkbox\" id=\"wpforms-1161-field_5_0\" name=\"wpforms[fields][5][]\" value=\"Meetings\" aria-errormessage=\"wpforms-1161-field_5_0-error\" required ><label class=\"wpforms-field-label-inline\" for=\"wpforms-1161-field_5_0\">Meetings<\/label><\/li><li class=\"choice-1 depth-1\"><input type=\"checkbox\" id=\"wpforms-1161-field_5_1\" name=\"wpforms[fields][5][]\" value=\"Celebrations\" aria-errormessage=\"wpforms-1161-field_5_1-error\" required ><label class=\"wpforms-field-label-inline\" for=\"wpforms-1161-field_5_1\">Celebrations<\/label><\/li><li class=\"choice-2 depth-1\"><input type=\"checkbox\" id=\"wpforms-1161-field_5_2\" name=\"wpforms[fields][5][]\" value=\"Weddings\" aria-errormessage=\"wpforms-1161-field_5_2-error\" required ><label class=\"wpforms-field-label-inline\" for=\"wpforms-1161-field_5_2\">Weddings<\/label><\/li><li class=\"choice-3 depth-1\"><input type=\"checkbox\" id=\"wpforms-1161-field_5_3\" name=\"wpforms[fields][5][]\" value=\"Overnight stays\" aria-errormessage=\"wpforms-1161-field_5_3-error\" required ><label class=\"wpforms-field-label-inline\" for=\"wpforms-1161-field_5_3\">Overnight stays<\/label><\/li><li class=\"choice-4 depth-1\"><input type=\"checkbox\" id=\"wpforms-1161-field_5_4\" name=\"wpforms[fields][5][]\" value=\"Dining\" aria-errormessage=\"wpforms-1161-field_5_4-error\" required ><label class=\"wpforms-field-label-inline\" for=\"wpforms-1161-field_5_4\">Dining<\/label><\/li><\/ul><\/fieldset><\/div><div id=\"wpforms-1161-field_15-container\" class=\"wpforms-field wpforms-field-text\" data-field-id=\"15\"><label class=\"wpforms-field-label\" for=\"wpforms-1161-field_15\">Preferred date <span class=\"wpforms-required-label\" aria-hidden=\"true\">*<\/span><\/label><input type=\"text\" id=\"wpforms-1161-field_15\" class=\"wpforms-field-medium wpforms-field-required\" name=\"wpforms[fields][15]\" aria-errormessage=\"wpforms-1161-field_15-error\" required><\/div><div id=\"wpforms-1161-field_6-container\" class=\"wpforms-field wpforms-field-text\" data-field-id=\"6\"><label class=\"wpforms-field-label\" for=\"wpforms-1161-field_6\">Number of guests <span class=\"wpforms-required-label\" aria-hidden=\"true\">*<\/span><\/label><input type=\"text\" id=\"wpforms-1161-field_6\" class=\"wpforms-field-medium wpforms-field-required\" name=\"wpforms[fields][6]\" aria-errormessage=\"wpforms-1161-field_6-error\" required><\/div><div id=\"wpforms-1161-field_9-container\" class=\"wpforms-field wpforms-field-textarea\" data-field-id=\"9\"><label class=\"wpforms-field-label\" for=\"wpforms-1161-field_9\">Requests<\/label><textarea id=\"wpforms-1161-field_9\" class=\"wpforms-field-medium\" name=\"wpforms[fields][9]\" aria-errormessage=\"wpforms-1161-field_9-error\" ><\/textarea><\/div><div id=\"wpforms-1161-field_10-container\" class=\"wpforms-field wpforms-field-checkbox\" data-field-id=\"10\"><fieldset><legend class=\"wpforms-field-label wpforms-label-hide\" aria-hidden=\"false\">Single selection field <span class=\"wpforms-required-label\" aria-hidden=\"true\">*<\/span><\/legend><ul id=\"wpforms-1161-field_10\" class=\"wpforms-field-required\"><li class=\"choice-1 depth-1\"><input type=\"checkbox\" id=\"wpforms-1161-field_10_1\" name=\"wpforms[fields][10][]\" value=\"I hereby acknowledge the &lt;a href=&quot;https:\/\/hotelreinstorf.de\/en\/privacy-policy\/&quot;&gt;privacy policy&lt;\/a&gt;.\" aria-errormessage=\"wpforms-1161-field_10_1-error\" required ><label class=\"wpforms-field-label-inline\" for=\"wpforms-1161-field_10_1\">I hereby acknowledge the <a href=\"https:\/\/hotelreinstorf.de\/en\/privacy-policy\/\">privacy policy<\/a>.<\/label><\/li><\/ul><\/fieldset><\/div><\/div><!-- .wpforms-field-container --><div class=\"wpforms-submit-container\" ><input type=\"hidden\" name=\"wpforms[id]\" value=\"1161\"><input type=\"hidden\" name=\"page_title\" value=\"\"><input type=\"hidden\" name=\"page_url\" value=\"https:\/\/heide-hotel-reinstorf.de\/en\/wp-json\/wp\/v2\/pages\/1599\"><input type=\"hidden\" name=\"url_referer\" value=\"\"><button type=\"submit\" name=\"wpforms[submit]\" id=\"wpforms-submit-1161\" class=\"wpforms-submit\" data-alt-text=\"Sending\" data-submit-text=\"Submit\" aria-live=\"assertive\" value=\"wpforms-submit\">Submit<\/button><\/div><\/form><\/div>  <!-- .wpforms-container --><\/div>\n\t\t\t\t\t\t<\/div>\n\t\t\t\t\t<\/div>\n\t\t\t\t<\/div>\n\t\t<div class=\"elementor-element elementor-element-186ac96d e-flex e-con-boxed e-con e-parent\" data-id=\"186ac96d\" data-element_type=\"container\" data-e-type=\"container\">\n\t\t\t\t\t<div class=\"e-con-inner\">\n\t\t\t\t\t<\/div>\n\t\t\t\t<\/div>\n\t\t\t\t<\/div>\n\t\t","protected":false},"excerpt":{"rendered":"<p>Enquiry<\/p>\n","protected":false},"author":1,"featured_media":0,"parent":0,"menu_order":0,"comment_status":"closed","ping_status":"closed","template":"","meta":{"footnotes":""},"class_list":["post-1599","page","type-page","status-publish","hentry"],"yoast_head":"<!-- This site is optimized with the Yoast SEO plugin v27.5 - https:\/\/yoast.com\/product\/yoast-seo-wordpress\/ -->\n<title>Inquiry Form - Heide Hotel Reinstorf bei L\u00fcneburg<\/title>\n<meta name=\"robots\" content=\"index, follow, max-snippet:-1, max-image-preview:large, max-video-preview:-1\" \/>\n<link rel=\"canonical\" href=\"https:\/\/heide-hotel-reinstorf.de\/en\/inquiry-form\/\" \/>\n<meta property=\"og:locale\" content=\"en_US\" \/>\n<meta property=\"og:type\" content=\"article\" \/>\n<meta property=\"og:title\" content=\"Inquiry Form - Heide Hotel Reinstorf bei L\u00fcneburg\" \/>\n<meta property=\"og:description\" content=\"Enquiry\" \/>\n<meta property=\"og:url\" content=\"https:\/\/heide-hotel-reinstorf.de\/en\/inquiry-form\/\" \/>\n<meta property=\"og:site_name\" content=\"Heide Hotel Reinstorf bei L\u00fcneburg\" \/>\n<meta property=\"article:modified_time\" content=\"2026-03-19T12:24:03+00:00\" \/>\n<meta name=\"twitter:card\" content=\"summary_large_image\" \/>\n<script type=\"application\/ld+json\" class=\"yoast-schema-graph\">{\"@context\":\"https:\\\/\\\/schema.org\",\"@graph\":[{\"@type\":\"WebPage\",\"@id\":\"https:\\\/\\\/heide-hotel-reinstorf.de\\\/en\\\/inquiry-form\\\/\",\"url\":\"https:\\\/\\\/heide-hotel-reinstorf.de\\\/en\\\/inquiry-form\\\/\",\"name\":\"Inquiry Form - Heide Hotel Reinstorf bei L\u00fcneburg\",\"isPartOf\":{\"@id\":\"https:\\\/\\\/heide-hotel-reinstorf.de\\\/en\\\/#website\"},\"datePublished\":\"2026-03-17T14:51:53+00:00\",\"dateModified\":\"2026-03-19T12:24:03+00:00\",\"breadcrumb\":{\"@id\":\"https:\\\/\\\/heide-hotel-reinstorf.de\\\/en\\\/inquiry-form\\\/#breadcrumb\"},\"inLanguage\":\"en-US\",\"potentialAction\":[{\"@type\":\"ReadAction\",\"target\":[\"https:\\\/\\\/heide-hotel-reinstorf.de\\\/en\\\/inquiry-form\\\/\"]}]},{\"@type\":\"BreadcrumbList\",\"@id\":\"https:\\\/\\\/heide-hotel-reinstorf.de\\\/en\\\/inquiry-form\\\/#breadcrumb\",\"itemListElement\":[{\"@type\":\"ListItem\",\"position\":1,\"name\":\"Start\",\"item\":\"https:\\\/\\\/heide-hotel-reinstorf.de\\\/en\\\/start\\\/\"},{\"@type\":\"ListItem\",\"position\":2,\"name\":\"Inquiry Form\"}]},{\"@type\":\"WebSite\",\"@id\":\"https:\\\/\\\/heide-hotel-reinstorf.de\\\/en\\\/#website\",\"url\":\"https:\\\/\\\/heide-hotel-reinstorf.de\\\/en\\\/\",\"name\":\"Heide Hotel Reinstorf bei L\u00fcneburg\",\"description\":\"Tagen | Feiern | Heiraten | \u00dcbernachten &amp; Verw\u00f6hnen lassen direkt in der Ostheide\",\"publisher\":{\"@id\":\"https:\\\/\\\/heide-hotel-reinstorf.de\\\/en\\\/#organization\"},\"potentialAction\":[{\"@type\":\"SearchAction\",\"target\":{\"@type\":\"EntryPoint\",\"urlTemplate\":\"https:\\\/\\\/heide-hotel-reinstorf.de\\\/en\\\/?s={search_term_string}\"},\"query-input\":{\"@type\":\"PropertyValueSpecification\",\"valueRequired\":true,\"valueName\":\"search_term_string\"}}],\"inLanguage\":\"en-US\"},{\"@type\":\"Organization\",\"@id\":\"https:\\\/\\\/heide-hotel-reinstorf.de\\\/en\\\/#organization\",\"name\":\"Heide Hotel Reinstorf bei L\u00fcneburg\",\"url\":\"https:\\\/\\\/heide-hotel-reinstorf.de\\\/en\\\/\",\"logo\":{\"@type\":\"ImageObject\",\"inLanguage\":\"en-US\",\"@id\":\"https:\\\/\\\/heide-hotel-reinstorf.de\\\/en\\\/#\\\/schema\\\/logo\\\/image\\\/\",\"url\":\"https:\\\/\\\/heide-hotel-reinstorf.de\\\/wp-content\\\/uploads\\\/2026\\\/03\\\/Logo_Heide_Hotel_Slogan-02.png\",\"contentUrl\":\"https:\\\/\\\/heide-hotel-reinstorf.de\\\/wp-content\\\/uploads\\\/2026\\\/03\\\/Logo_Heide_Hotel_Slogan-02.png\",\"width\":302,\"height\":298,\"caption\":\"Heide Hotel Reinstorf bei L\u00fcneburg\"},\"image\":{\"@id\":\"https:\\\/\\\/heide-hotel-reinstorf.de\\\/en\\\/#\\\/schema\\\/logo\\\/image\\\/\"}}]}<\/script>\n<!-- \/ Yoast SEO plugin. -->","yoast_head_json":{"title":"Inquiry Form - Heide Hotel Reinstorf bei L\u00fcneburg","robots":{"index":"index","follow":"follow","max-snippet":"max-snippet:-1","max-image-preview":"max-image-preview:large","max-video-preview":"max-video-preview:-1"},"canonical":"https:\/\/heide-hotel-reinstorf.de\/en\/inquiry-form\/","og_locale":"en_US","og_type":"article","og_title":"Inquiry Form - Heide Hotel Reinstorf bei L\u00fcneburg","og_description":"Enquiry","og_url":"https:\/\/heide-hotel-reinstorf.de\/en\/inquiry-form\/","og_site_name":"Heide Hotel Reinstorf bei L\u00fcneburg","article_modified_time":"2026-03-19T12:24:03+00:00","twitter_card":"summary_large_image","schema":{"@context":"https:\/\/schema.org","@graph":[{"@type":"WebPage","@id":"https:\/\/heide-hotel-reinstorf.de\/en\/inquiry-form\/","url":"https:\/\/heide-hotel-reinstorf.de\/en\/inquiry-form\/","name":"Inquiry Form - Heide Hotel Reinstorf bei L\u00fcneburg","isPartOf":{"@id":"https:\/\/heide-hotel-reinstorf.de\/en\/#website"},"datePublished":"2026-03-17T14:51:53+00:00","dateModified":"2026-03-19T12:24:03+00:00","breadcrumb":{"@id":"https:\/\/heide-hotel-reinstorf.de\/en\/inquiry-form\/#breadcrumb"},"inLanguage":"en-US","potentialAction":[{"@type":"ReadAction","target":["https:\/\/heide-hotel-reinstorf.de\/en\/inquiry-form\/"]}]},{"@type":"BreadcrumbList","@id":"https:\/\/heide-hotel-reinstorf.de\/en\/inquiry-form\/#breadcrumb","itemListElement":[{"@type":"ListItem","position":1,"name":"Start","item":"https:\/\/heide-hotel-reinstorf.de\/en\/start\/"},{"@type":"ListItem","position":2,"name":"Inquiry Form"}]},{"@type":"WebSite","@id":"https:\/\/heide-hotel-reinstorf.de\/en\/#website","url":"https:\/\/heide-hotel-reinstorf.de\/en\/","name":"Heide Hotel Reinstorf bei L\u00fcneburg","description":"Tagen | Feiern | Heiraten | \u00dcbernachten &amp; Verw\u00f6hnen lassen direkt in der Ostheide","publisher":{"@id":"https:\/\/heide-hotel-reinstorf.de\/en\/#organization"},"potentialAction":[{"@type":"SearchAction","target":{"@type":"EntryPoint","urlTemplate":"https:\/\/heide-hotel-reinstorf.de\/en\/?s={search_term_string}"},"query-input":{"@type":"PropertyValueSpecification","valueRequired":true,"valueName":"search_term_string"}}],"inLanguage":"en-US"},{"@type":"Organization","@id":"https:\/\/heide-hotel-reinstorf.de\/en\/#organization","name":"Heide Hotel Reinstorf bei L\u00fcneburg","url":"https:\/\/heide-hotel-reinstorf.de\/en\/","logo":{"@type":"ImageObject","inLanguage":"en-US","@id":"https:\/\/heide-hotel-reinstorf.de\/en\/#\/schema\/logo\/image\/","url":"https:\/\/heide-hotel-reinstorf.de\/wp-content\/uploads\/2026\/03\/Logo_Heide_Hotel_Slogan-02.png","contentUrl":"https:\/\/heide-hotel-reinstorf.de\/wp-content\/uploads\/2026\/03\/Logo_Heide_Hotel_Slogan-02.png","width":302,"height":298,"caption":"Heide Hotel Reinstorf bei L\u00fcneburg"},"image":{"@id":"https:\/\/heide-hotel-reinstorf.de\/en\/#\/schema\/logo\/image\/"}}]}},"_links":{"self":[{"href":"https:\/\/heide-hotel-reinstorf.de\/en\/wp-json\/wp\/v2\/pages\/1599","targetHints":{"allow":["GET"]}}],"collection":[{"href":"https:\/\/heide-hotel-reinstorf.de\/en\/wp-json\/wp\/v2\/pages"}],"about":[{"href":"https:\/\/heide-hotel-reinstorf.de\/en\/wp-json\/wp\/v2\/types\/page"}],"author":[{"embeddable":true,"href":"https:\/\/heide-hotel-reinstorf.de\/en\/wp-json\/wp\/v2\/users\/1"}],"replies":[{"embeddable":true,"href":"https:\/\/heide-hotel-reinstorf.de\/en\/wp-json\/wp\/v2\/comments?post=1599"}],"version-history":[{"count":1,"href":"https:\/\/heide-hotel-reinstorf.de\/en\/wp-json\/wp\/v2\/pages\/1599\/revisions"}],"predecessor-version":[{"id":1600,"href":"https:\/\/heide-hotel-reinstorf.de\/en\/wp-json\/wp\/v2\/pages\/1599\/revisions\/1600"}],"wp:attachment":[{"href":"https:\/\/heide-hotel-reinstorf.de\/en\/wp-json\/wp\/v2\/media?parent=1599"}],"curies":[{"name":"wp","href":"https:\/\/api.w.org\/{rel}","templated":true}]}}