{"id":1583,"date":"2026-03-18T11:10:07","date_gmt":"2026-03-18T10:10:07","guid":{"rendered":"https:\/\/heide-hotel-reinstorf.de\/wedding-inquiry\/"},"modified":"2026-03-19T12:54:56","modified_gmt":"2026-03-19T11:54:56","slug":"wedding-inquiry","status":"publish","type":"page","link":"https:\/\/heide-hotel-reinstorf.de\/en\/wedding-inquiry\/","title":{"rendered":"Wedding Inquiry"},"content":{"rendered":"\t\t<div data-elementor-type=\"wp-page\" data-elementor-id=\"1583\" class=\"elementor elementor-1583 elementor-1222\" data-elementor-post-type=\"page\">\n\t\t\t\t<div class=\"elementor-element elementor-element-69ff1ea9 e-flex e-con-boxed e-con e-parent\" data-id=\"69ff1ea9\" data-element_type=\"container\" data-e-type=\"container\">\n\t\t\t\t\t<div class=\"e-con-inner\">\n\t\t\t\t<div class=\"elementor-element elementor-element-6d0052c2 elementor-widget-divider--view-line elementor-widget elementor-widget-divider\" data-id=\"6d0052c2\" data-element_type=\"widget\" data-e-type=\"widget\" data-widget_type=\"divider.default\">\n\t\t\t\t\t\t\t<div class=\"elementor-divider\">\n\t\t\t<span class=\"elementor-divider-separator\">\n\t\t\t\t\t\t<\/span>\n\t\t<\/div>\n\t\t\t\t\t\t<\/div>\n\t\t\t\t\t<\/div>\n\t\t\t\t<\/div>\n\t\t<div class=\"elementor-element elementor-element-3c15d6 e-flex e-con-boxed e-con e-parent\" data-id=\"3c15d6\" data-element_type=\"container\" data-e-type=\"container\">\n\t\t\t\t\t<div class=\"e-con-inner\">\n\t\t\t\t<div class=\"elementor-element elementor-element-1617e28d elementor-widget elementor-widget-heading\" data-id=\"1617e28d\" data-element_type=\"widget\" data-e-type=\"widget\" data-widget_type=\"heading.default\">\n\t\t\t\t\t<h1 class=\"elementor-heading-title elementor-size-default\">Wedding and CELEBRATIONS Inquiry<\/h1>\t\t\t\t<\/div>\n\t\t\t\t\t<\/div>\n\t\t\t\t<\/div>\n\t\t<div class=\"elementor-element elementor-element-5c535494 e-flex e-con-boxed e-con e-parent\" data-id=\"5c535494\" data-element_type=\"container\" data-e-type=\"container\">\n\t\t\t\t\t<div class=\"e-con-inner\">\n\t\t\t\t<div class=\"elementor-element elementor-element-1fc3777 elementor-widget__width-initial elementor-widget elementor-widget-shortcode\" data-id=\"1fc3777\" data-element_type=\"widget\" data-e-type=\"widget\" data-widget_type=\"shortcode.default\">\n\t\t\t\t\t\t\t<div class=\"elementor-shortcode\"><style id=\"wpforms-css-vars-1185\">\n\t\t\t\t#wpforms-1185 {\n\t\t\t\t--wpforms-field-border-radius: 0px;\n--wpforms-field-border-color: rgba(0, 0, 0, 0.25);\n--wpforms-field-border-color-spare: rgba(0, 0, 0, 0.25);\n--wpforms-field-text-color: rgba(0, 0, 0, 0.7);\n--wpforms-label-color: rgba(0, 0, 0, 0.85);\n--wpforms-label-sublabel-color: rgba(0, 0, 0, 0.55);\n--wpforms-button-border-radius: 0px;\n--wpforms-button-background-color: #892965;\n--wpforms-container-padding: 0px;\n--wpforms-container-border-width: 1px;\n--wpforms-container-border-radius: 3px;\n--wpforms-background-color: rgba(0, 0, 0, 0);\n--wpforms-field-size-input-height: 43px;\n--wpforms-field-size-input-spacing: 15px;\n--wpforms-field-size-font-size: 16px;\n--wpforms-field-size-line-height: 19px;\n--wpforms-field-size-padding-h: 14px;\n--wpforms-field-size-checkbox-size: 16px;\n--wpforms-field-size-sublabel-spacing: 5px;\n--wpforms-field-size-icon-size: 1;\n--wpforms-label-size-font-size: 16px;\n--wpforms-label-size-line-height: 19px;\n--wpforms-label-size-sublabel-font-size: 14px;\n--wpforms-label-size-sublabel-line-height: 17px;\n--wpforms-button-size-font-size: 17px;\n--wpforms-button-size-height: 41px;\n--wpforms-button-size-padding-h: 15px;\n--wpforms-button-size-margin-top: 10px;\n--wpforms-container-shadow-size-box-shadow: none;\n\t\t\t}\n\t\t\t<\/style><div class=\"wpforms-container wpforms-container-full wpforms-render-modern\" id=\"wpforms-1185\"><form id=\"wpforms-form-1185\" class=\"wpforms-validate wpforms-form\" data-formid=\"1185\" method=\"post\" enctype=\"multipart\/form-data\" action=\"\/en\/wp-json\/wp\/v2\/pages\/1583\" data-token=\"3b68dc464b89ea97258f12c83135d205\" data-token-time=\"1775654878\"><noscript class=\"wpforms-error-noscript\">Please enable JavaScript in your browser to complete this form.<\/noscript><div id=\"wpforms-error-noscript\" style=\"display: none;\">Please enable JavaScript in your browser to complete this form.<\/div><div class=\"wpforms-field-container\"><div id=\"wpforms-1185-field_1-container\" class=\"wpforms-field wpforms-field-text\" data-field-id=\"1\"><label class=\"wpforms-field-label\" for=\"wpforms-1185-field_1\">Name <span class=\"wpforms-required-label\" aria-hidden=\"true\">*<\/span><\/label><input type=\"text\" id=\"wpforms-1185-field_1\" class=\"wpforms-field-medium wpforms-field-required\" name=\"wpforms[fields][1]\" aria-errormessage=\"wpforms-1185-field_1-error\" required><\/div><div id=\"wpforms-1185-field_3-container\" class=\"wpforms-field wpforms-field-email\" data-field-id=\"3\"><label class=\"wpforms-field-label\" for=\"wpforms-1185-field_3\">Email <span class=\"wpforms-required-label\" aria-hidden=\"true\">*<\/span><\/label><input type=\"email\" id=\"wpforms-1185-field_3\" class=\"wpforms-field-medium wpforms-field-required\" name=\"wpforms[fields][3]\" spellcheck=\"false\" aria-errormessage=\"wpforms-1185-field_3-error\" required><\/div><div id=\"wpforms-1185-field_12-container\" class=\"wpforms-field wpforms-field-text\" data-field-id=\"12\"><label class=\"wpforms-field-label\" for=\"wpforms-1185-field_12\">Phone number<\/label><input type=\"text\" id=\"wpforms-1185-field_12\" class=\"wpforms-field-medium\" name=\"wpforms[fields][12]\" aria-errormessage=\"wpforms-1185-field_12-error\" ><\/div><div id=\"wpforms-1185-field_16-container\" class=\"wpforms-field wpforms-field-checkbox\" data-field-id=\"16\"><fieldset><legend class=\"wpforms-field-label\">We would like to host the following celebration:<\/legend><ul id=\"wpforms-1185-field_16\"><li class=\"choice-1 depth-1\"><input type=\"checkbox\" id=\"wpforms-1185-field_16_1\" name=\"wpforms[fields][16][]\" value=\"Wedding celebration\" aria-errormessage=\"wpforms-1185-field_16_1-error\"  ><label class=\"wpforms-field-label-inline\" for=\"wpforms-1185-field_16_1\">Wedding celebration<\/label><\/li><li class=\"choice-4 depth-1\"><input type=\"checkbox\" id=\"wpforms-1185-field_16_4\" name=\"wpforms[fields][16][]\" value=\"Family celebration\" aria-errormessage=\"wpforms-1185-field_16_4-error\"  ><label class=\"wpforms-field-label-inline\" for=\"wpforms-1185-field_16_4\">Family celebration<\/label><\/li><li class=\"choice-2 depth-1\"><input type=\"checkbox\" id=\"wpforms-1185-field_16_2\" name=\"wpforms[fields][16][]\" value=\"Corporate event\" aria-errormessage=\"wpforms-1185-field_16_2-error\"  ><label class=\"wpforms-field-label-inline\" for=\"wpforms-1185-field_16_2\">Corporate event<\/label><\/li><li class=\"choice-3 depth-1\"><input type=\"checkbox\" id=\"wpforms-1185-field_16_3\" name=\"wpforms[fields][16][]\" value=\"Birthday celebration\" aria-errormessage=\"wpforms-1185-field_16_3-error\"  ><label class=\"wpforms-field-label-inline\" for=\"wpforms-1185-field_16_3\">Birthday celebration<\/label><\/li><li class=\"choice-5 depth-1\"><input type=\"checkbox\" id=\"wpforms-1185-field_16_5\" name=\"wpforms[fields][16][]\" value=\"Other celebration\" aria-errormessage=\"wpforms-1185-field_16_5-error\"  ><label class=\"wpforms-field-label-inline\" for=\"wpforms-1185-field_16_5\">Other celebration<\/label><\/li><\/ul><\/fieldset><\/div>\t\t<div id=\"wpforms-1185-field_2-container\"\n\t\t\tclass=\"wpforms-field wpforms-field-text\"\n\t\t\tdata-field-type=\"text\"\n\t\t\tdata-field-id=\"2\"\n\t\t\t>\n\t\t\t<label class=\"wpforms-field-label\" for=\"wpforms-1185-field_2\" >following field We<\/label>\n\t\t\t<input type=\"text\" id=\"wpforms-1185-field_2\" class=\"wpforms-field-medium\" name=\"wpforms[fields][2]\" >\n\t\t<\/div>\n\t\t<div id=\"wpforms-1185-field_13-container\" class=\"wpforms-field wpforms-field-text\" data-field-id=\"13\"><label class=\"wpforms-field-label\" for=\"wpforms-1185-field_13\">Preferred date <span class=\"wpforms-required-label\" aria-hidden=\"true\">*<\/span><\/label><input type=\"text\" id=\"wpforms-1185-field_13\" class=\"wpforms-field-medium wpforms-field-required\" name=\"wpforms[fields][13]\" aria-errormessage=\"wpforms-1185-field_13-error\" required><\/div><div id=\"wpforms-1185-field_6-container\" class=\"wpforms-field wpforms-field-text\" data-field-id=\"6\"><label class=\"wpforms-field-label\" for=\"wpforms-1185-field_6\">Number of guests <span class=\"wpforms-required-label\" aria-hidden=\"true\">*<\/span><\/label><input type=\"text\" id=\"wpforms-1185-field_6\" class=\"wpforms-field-medium wpforms-field-required\" name=\"wpforms[fields][6]\" aria-errormessage=\"wpforms-1185-field_6-error\" required><\/div><div id=\"wpforms-1185-field_9-container\" class=\"wpforms-field wpforms-field-textarea\" data-field-id=\"9\"><label class=\"wpforms-field-label\" for=\"wpforms-1185-field_9\">Requests <span class=\"wpforms-required-label\" aria-hidden=\"true\">*<\/span><\/label><textarea id=\"wpforms-1185-field_9\" class=\"wpforms-field-medium wpforms-field-required\" name=\"wpforms[fields][9]\" aria-errormessage=\"wpforms-1185-field_9-error\" required><\/textarea><\/div><div id=\"wpforms-1185-field_10-container\" class=\"wpforms-field wpforms-field-checkbox\" data-field-id=\"10\"><fieldset><legend class=\"wpforms-field-label wpforms-label-hide\" aria-hidden=\"false\">Single selection field <span class=\"wpforms-required-label\" aria-hidden=\"true\">*<\/span><\/legend><ul id=\"wpforms-1185-field_10\" class=\"wpforms-field-required\"><li class=\"choice-1 depth-1\"><input type=\"checkbox\" id=\"wpforms-1185-field_10_1\" name=\"wpforms[fields][10][]\" value=\"I hereby acknowledge the &lt;a href=&quot;https:\/\/hotelreinstorf.de\/en\/privacy-policy\/&quot;&gt;privacy policy&lt;\/a&gt;.\" aria-errormessage=\"wpforms-1185-field_10_1-error\" required ><label class=\"wpforms-field-label-inline\" for=\"wpforms-1185-field_10_1\">I hereby acknowledge the <a href=\"https:\/\/hotelreinstorf.de\/en\/privacy-policy\/\">privacy policy<\/a>.<\/label><\/li><\/ul><\/fieldset><\/div><script>\n\t\t\t\t( function() {\n\t\t\t\t\tconst style = document.createElement( 'style' );\n\t\t\t\t\tstyle.appendChild( document.createTextNode( '#wpforms-1185-field_2-container { position: absolute !important; overflow: hidden !important; display: inline !important; height: 1px !important; width: 1px !important; z-index: -1000 !important; padding: 0 !important; } #wpforms-1185-field_2-container input { visibility: hidden; } #wpforms-conversational-form-page #wpforms-1185-field_2-container label { counter-increment: none; }' ) );\n\t\t\t\t\tdocument.head.appendChild( style );\n\t\t\t\t\tdocument.currentScript?.remove();\n\t\t\t\t} )();\n\t\t\t<\/script><\/div><!-- .wpforms-field-container --><div class=\"wpforms-submit-container\" ><input type=\"hidden\" name=\"wpforms[id]\" value=\"1185\"><input type=\"hidden\" name=\"page_title\" value=\"\"><input type=\"hidden\" name=\"page_url\" value=\"https:\/\/heide-hotel-reinstorf.de\/en\/wp-json\/wp\/v2\/pages\/1583\"><input type=\"hidden\" name=\"url_referer\" value=\"\"><button type=\"submit\" name=\"wpforms[submit]\" id=\"wpforms-submit-1185\" class=\"wpforms-submit\" data-alt-text=\"Sending\" data-submit-text=\"Submit\" aria-live=\"assertive\" value=\"wpforms-submit\">Submit<\/button><\/div><\/form><\/div>  <!-- .wpforms-container --><\/div>\n\t\t\t\t\t\t<\/div>\n\t\t\t\t\t<\/div>\n\t\t\t\t<\/div>\n\t\t<div class=\"elementor-element elementor-element-65d1ac30 e-flex e-con-boxed e-con e-parent\" data-id=\"65d1ac30\" data-element_type=\"container\" data-e-type=\"container\">\n\t\t\t\t\t<div class=\"e-con-inner\">\n\t\t\t\t\t<\/div>\n\t\t\t\t<\/div>\n\t\t\t\t<\/div>\n\t\t","protected":false},"excerpt":{"rendered":"<p>Wedding and CELEBRATIONS Inquiry<\/p>\n","protected":false},"author":1,"featured_media":0,"parent":0,"menu_order":0,"comment_status":"closed","ping_status":"closed","template":"","meta":{"footnotes":""},"class_list":["post-1583","page","type-page","status-publish","hentry"],"yoast_head":"<!-- This site is optimized with the Yoast SEO plugin v27.3 - https:\/\/yoast.com\/product\/yoast-seo-wordpress\/ -->\n<title>Wedding Inquiry - Heide Hotel Reinstorf bei L\u00fcneburg<\/title>\n<meta name=\"robots\" content=\"noindex, follow, max-snippet:-1, max-image-preview:large, max-video-preview:-1\" \/>\n<meta property=\"og:locale\" content=\"en_US\" \/>\n<meta property=\"og:type\" content=\"article\" \/>\n<meta property=\"og:title\" content=\"Wedding Inquiry - Heide Hotel Reinstorf bei L\u00fcneburg\" \/>\n<meta property=\"og:description\" content=\"Wedding and CELEBRATIONS Inquiry\" \/>\n<meta property=\"og:url\" content=\"https:\/\/heide-hotel-reinstorf.de\/en\/wedding-inquiry\/\" \/>\n<meta property=\"og:site_name\" content=\"Heide Hotel Reinstorf bei L\u00fcneburg\" \/>\n<meta property=\"article:modified_time\" content=\"2026-03-19T11:54:56+00:00\" \/>\n<meta name=\"twitter:card\" content=\"summary_large_image\" \/>\n<script type=\"application\/ld+json\" class=\"yoast-schema-graph\">{\"@context\":\"https:\\\/\\\/schema.org\",\"@graph\":[{\"@type\":\"WebPage\",\"@id\":\"https:\\\/\\\/heide-hotel-reinstorf.de\\\/en\\\/wedding-inquiry\\\/\",\"url\":\"https:\\\/\\\/heide-hotel-reinstorf.de\\\/en\\\/wedding-inquiry\\\/\",\"name\":\"Wedding Inquiry - Heide Hotel Reinstorf bei L\u00fcneburg\",\"isPartOf\":{\"@id\":\"https:\\\/\\\/heide-hotel-reinstorf.de\\\/en\\\/#website\"},\"datePublished\":\"2026-03-18T10:10:07+00:00\",\"dateModified\":\"2026-03-19T11:54:56+00:00\",\"breadcrumb\":{\"@id\":\"https:\\\/\\\/heide-hotel-reinstorf.de\\\/en\\\/wedding-inquiry\\\/#breadcrumb\"},\"inLanguage\":\"en-US\",\"potentialAction\":[{\"@type\":\"ReadAction\",\"target\":[\"https:\\\/\\\/heide-hotel-reinstorf.de\\\/en\\\/wedding-inquiry\\\/\"]}]},{\"@type\":\"BreadcrumbList\",\"@id\":\"https:\\\/\\\/heide-hotel-reinstorf.de\\\/en\\\/wedding-inquiry\\\/#breadcrumb\",\"itemListElement\":[{\"@type\":\"ListItem\",\"position\":1,\"name\":\"Start\",\"item\":\"https:\\\/\\\/heide-hotel-reinstorf.de\\\/en\\\/\"},{\"@type\":\"ListItem\",\"position\":2,\"name\":\"Wedding Inquiry\"}]},{\"@type\":\"WebSite\",\"@id\":\"https:\\\/\\\/heide-hotel-reinstorf.de\\\/en\\\/#website\",\"url\":\"https:\\\/\\\/heide-hotel-reinstorf.de\\\/en\\\/\",\"name\":\"Heide Hotel Reinstorf bei L\u00fcneburg\",\"description\":\"Tagen | Feiern | Heiraten | \u00dcbernachten &amp; Verw\u00f6hnen lassen direkt in der Ostheide\",\"publisher\":{\"@id\":\"https:\\\/\\\/heide-hotel-reinstorf.de\\\/en\\\/#organization\"},\"potentialAction\":[{\"@type\":\"SearchAction\",\"target\":{\"@type\":\"EntryPoint\",\"urlTemplate\":\"https:\\\/\\\/heide-hotel-reinstorf.de\\\/en\\\/?s={search_term_string}\"},\"query-input\":{\"@type\":\"PropertyValueSpecification\",\"valueRequired\":true,\"valueName\":\"search_term_string\"}}],\"inLanguage\":\"en-US\"},{\"@type\":\"Organization\",\"@id\":\"https:\\\/\\\/heide-hotel-reinstorf.de\\\/en\\\/#organization\",\"name\":\"Heide Hotel Reinstorf bei L\u00fcneburg\",\"url\":\"https:\\\/\\\/heide-hotel-reinstorf.de\\\/en\\\/\",\"logo\":{\"@type\":\"ImageObject\",\"inLanguage\":\"en-US\",\"@id\":\"https:\\\/\\\/heide-hotel-reinstorf.de\\\/en\\\/#\\\/schema\\\/logo\\\/image\\\/\",\"url\":\"https:\\\/\\\/heide-hotel-reinstorf.de\\\/wp-content\\\/uploads\\\/2026\\\/03\\\/Logo_Heide_Hotel_Slogan-02.png\",\"contentUrl\":\"https:\\\/\\\/heide-hotel-reinstorf.de\\\/wp-content\\\/uploads\\\/2026\\\/03\\\/Logo_Heide_Hotel_Slogan-02.png\",\"width\":302,\"height\":298,\"caption\":\"Heide Hotel Reinstorf bei L\u00fcneburg\"},\"image\":{\"@id\":\"https:\\\/\\\/heide-hotel-reinstorf.de\\\/en\\\/#\\\/schema\\\/logo\\\/image\\\/\"}}]}<\/script>\n<!-- \/ Yoast SEO plugin. -->","yoast_head_json":{"title":"Wedding Inquiry - Heide Hotel Reinstorf bei L\u00fcneburg","robots":{"index":"noindex","follow":"follow","max-snippet":"max-snippet:-1","max-image-preview":"max-image-preview:large","max-video-preview":"max-video-preview:-1"},"og_locale":"en_US","og_type":"article","og_title":"Wedding Inquiry - Heide Hotel Reinstorf bei L\u00fcneburg","og_description":"Wedding and CELEBRATIONS Inquiry","og_url":"https:\/\/heide-hotel-reinstorf.de\/en\/wedding-inquiry\/","og_site_name":"Heide Hotel Reinstorf bei L\u00fcneburg","article_modified_time":"2026-03-19T11:54:56+00:00","twitter_card":"summary_large_image","schema":{"@context":"https:\/\/schema.org","@graph":[{"@type":"WebPage","@id":"https:\/\/heide-hotel-reinstorf.de\/en\/wedding-inquiry\/","url":"https:\/\/heide-hotel-reinstorf.de\/en\/wedding-inquiry\/","name":"Wedding Inquiry - Heide Hotel Reinstorf bei L\u00fcneburg","isPartOf":{"@id":"https:\/\/heide-hotel-reinstorf.de\/en\/#website"},"datePublished":"2026-03-18T10:10:07+00:00","dateModified":"2026-03-19T11:54:56+00:00","breadcrumb":{"@id":"https:\/\/heide-hotel-reinstorf.de\/en\/wedding-inquiry\/#breadcrumb"},"inLanguage":"en-US","potentialAction":[{"@type":"ReadAction","target":["https:\/\/heide-hotel-reinstorf.de\/en\/wedding-inquiry\/"]}]},{"@type":"BreadcrumbList","@id":"https:\/\/heide-hotel-reinstorf.de\/en\/wedding-inquiry\/#breadcrumb","itemListElement":[{"@type":"ListItem","position":1,"name":"Start","item":"https:\/\/heide-hotel-reinstorf.de\/en\/"},{"@type":"ListItem","position":2,"name":"Wedding Inquiry"}]},{"@type":"WebSite","@id":"https:\/\/heide-hotel-reinstorf.de\/en\/#website","url":"https:\/\/heide-hotel-reinstorf.de\/en\/","name":"Heide Hotel Reinstorf bei L\u00fcneburg","description":"Tagen | Feiern | Heiraten | \u00dcbernachten &amp; Verw\u00f6hnen lassen direkt in der Ostheide","publisher":{"@id":"https:\/\/heide-hotel-reinstorf.de\/en\/#organization"},"potentialAction":[{"@type":"SearchAction","target":{"@type":"EntryPoint","urlTemplate":"https:\/\/heide-hotel-reinstorf.de\/en\/?s={search_term_string}"},"query-input":{"@type":"PropertyValueSpecification","valueRequired":true,"valueName":"search_term_string"}}],"inLanguage":"en-US"},{"@type":"Organization","@id":"https:\/\/heide-hotel-reinstorf.de\/en\/#organization","name":"Heide Hotel Reinstorf bei L\u00fcneburg","url":"https:\/\/heide-hotel-reinstorf.de\/en\/","logo":{"@type":"ImageObject","inLanguage":"en-US","@id":"https:\/\/heide-hotel-reinstorf.de\/en\/#\/schema\/logo\/image\/","url":"https:\/\/heide-hotel-reinstorf.de\/wp-content\/uploads\/2026\/03\/Logo_Heide_Hotel_Slogan-02.png","contentUrl":"https:\/\/heide-hotel-reinstorf.de\/wp-content\/uploads\/2026\/03\/Logo_Heide_Hotel_Slogan-02.png","width":302,"height":298,"caption":"Heide Hotel Reinstorf bei L\u00fcneburg"},"image":{"@id":"https:\/\/heide-hotel-reinstorf.de\/en\/#\/schema\/logo\/image\/"}}]}},"_links":{"self":[{"href":"https:\/\/heide-hotel-reinstorf.de\/en\/wp-json\/wp\/v2\/pages\/1583","targetHints":{"allow":["GET"]}}],"collection":[{"href":"https:\/\/heide-hotel-reinstorf.de\/en\/wp-json\/wp\/v2\/pages"}],"about":[{"href":"https:\/\/heide-hotel-reinstorf.de\/en\/wp-json\/wp\/v2\/types\/page"}],"author":[{"embeddable":true,"href":"https:\/\/heide-hotel-reinstorf.de\/en\/wp-json\/wp\/v2\/users\/1"}],"replies":[{"embeddable":true,"href":"https:\/\/heide-hotel-reinstorf.de\/en\/wp-json\/wp\/v2\/comments?post=1583"}],"version-history":[{"count":1,"href":"https:\/\/heide-hotel-reinstorf.de\/en\/wp-json\/wp\/v2\/pages\/1583\/revisions"}],"predecessor-version":[{"id":1584,"href":"https:\/\/heide-hotel-reinstorf.de\/en\/wp-json\/wp\/v2\/pages\/1583\/revisions\/1584"}],"wp:attachment":[{"href":"https:\/\/heide-hotel-reinstorf.de\/en\/wp-json\/wp\/v2\/media?parent=1583"}],"curies":[{"name":"wp","href":"https:\/\/api.w.org\/{rel}","templated":true}]}}