{"id":1570,"date":"2026-03-11T12:29:30","date_gmt":"2026-03-11T11:29:30","guid":{"rendered":"https:\/\/heide-hotel-reinstorf.de\/press\/"},"modified":"2026-03-24T15:09:39","modified_gmt":"2026-03-24T14:09:39","slug":"press","status":"publish","type":"page","link":"https:\/\/heide-hotel-reinstorf.de\/en\/press\/","title":{"rendered":"Press"},"content":{"rendered":"\t\t<div data-elementor-type=\"wp-page\" data-elementor-id=\"1570\" class=\"elementor elementor-1570 elementor-365\" data-elementor-post-type=\"page\">\n\t\t\t\t<div class=\"elementor-element elementor-element-2ffc06f animated-fast e-flex e-con-boxed elementor-invisible e-con e-parent\" data-id=\"2ffc06f\" data-element_type=\"container\" data-e-type=\"container\" data-settings=\"{&quot;background_background&quot;:&quot;video&quot;,&quot;background_video_link&quot;:&quot;https:\\\/\\\/heidehotel.erleben-hamburg.de\\\/wp-content\\\/uploads\\\/2026\\\/03\\\/HHR-Drohne_Sommer-2-small-4.mp4&quot;,&quot;background_play_on_mobile&quot;:&quot;yes&quot;,&quot;animation&quot;:&quot;fadeIn&quot;}\">\n\t\t\t\t\t<div class=\"e-con-inner\">\n\t\t<div class=\"elementor-background-video-container\">\n\t\t\t\t\t\t\t<video class=\"elementor-background-video-hosted\" role=\"presentation\" autoplay muted playsinline loop><\/video>\n\t\t\t\t\t<\/div><div class=\"elementor-element elementor-element-3709a055 e-con-full e-flex e-con e-child\" data-id=\"3709a055\" data-element_type=\"container\" data-e-type=\"container\">\n\t\t\t\t<div class=\"elementor-element elementor-element-49ea2724 elementor-widget elementor-widget-text-editor\" data-id=\"49ea2724\" data-element_type=\"widget\" data-e-type=\"widget\" data-widget_type=\"text-editor.default\">\n\t\t\t\t\t\t\t\t\t<div class=\"d21-quickbook\"><br><script src=\"https:\/\/js-sdk.dirs21.de\/89176586-e681-464f-bdd0-80bb3c05867b\" async=\"\"><\/script><\/div>\t\t\t\t\t\t\t\t<\/div>\n\t\t\t\t<\/div>\n\t\t\t\t\t<\/div>\n\t\t\t\t<\/div>\n\t\t<div class=\"elementor-element elementor-element-49a92765 e-flex e-con-boxed e-con e-parent\" data-id=\"49a92765\" data-element_type=\"container\" data-e-type=\"container\">\n\t\t\t\t\t<div class=\"e-con-inner\">\n\t\t\t\t<div class=\"elementor-element elementor-element-2421af1 elementor-widget-divider--view-line elementor-widget elementor-widget-divider\" data-id=\"2421af1\" data-element_type=\"widget\" data-e-type=\"widget\" data-widget_type=\"divider.default\">\n\t\t\t\t\t\t\t<div class=\"elementor-divider\">\n\t\t\t<span class=\"elementor-divider-separator\">\n\t\t\t\t\t\t<\/span>\n\t\t<\/div>\n\t\t\t\t\t\t<\/div>\n\t\t\t\t\t<\/div>\n\t\t\t\t<\/div>\n\t\t<div class=\"elementor-element elementor-element-e9db0b6 e-flex e-con-boxed e-con e-parent\" data-id=\"e9db0b6\" data-element_type=\"container\" data-e-type=\"container\">\n\t\t\t\t\t<div class=\"e-con-inner\">\n\t\t\t\t<div class=\"elementor-element elementor-element-bdb36ec elementor-widget elementor-widget-heading\" data-id=\"bdb36ec\" data-element_type=\"widget\" data-e-type=\"widget\" data-widget_type=\"heading.default\">\n\t\t\t\t\t<h1 class=\"elementor-heading-title elementor-size-default\">Press<\/h1>\t\t\t\t<\/div>\n\t\t\t\t<div class=\"elementor-element elementor-element-27b9bf9 elementor-widget elementor-widget-heading\" data-id=\"27b9bf9\" data-element_type=\"widget\" data-e-type=\"widget\" data-widget_type=\"heading.default\">\n\t\t\t\t\t<h2 class=\"elementor-heading-title elementor-size-default\">Press release from 2025-04-10<\/h2>\t\t\t\t<\/div>\n\t\t\t\t\t<\/div>\n\t\t\t\t<\/div>\n\t\t<div class=\"elementor-element elementor-element-f4f2a22 e-flex e-con-boxed e-con e-parent\" data-id=\"f4f2a22\" data-element_type=\"container\" data-e-type=\"container\">\n\t\t\t\t\t<div class=\"e-con-inner\">\n\t\t\t\t<div class=\"elementor-element elementor-element-518eabf elementor-align-left elementor-widget elementor-widget-button\" data-id=\"518eabf\" data-element_type=\"widget\" data-e-type=\"widget\" data-widget_type=\"button.default\">\n\t\t\t\t\t\t\t\t\t\t<a class=\"elementor-button elementor-button-link elementor-size-sm\" href=\"https:\/\/heide-hotel-reinstorf.de\/wp-content\/uploads\/2026\/03\/PM_Personalien_Heide_Hotel_10_04_25_final.pdf\" target=\"_blank\">\n\t\t\t\t\t\t<span class=\"elementor-button-content-wrapper\">\n\t\t\t\t\t\t\t\t\t<span class=\"elementor-button-text\">TO THE PRESS RELEASE<\/span>\n\t\t\t\t\t<\/span>\n\t\t\t\t\t<\/a>\n\t\t\t\t\t\t\t\t<\/div>\n\t\t\t\t\t<\/div>\n\t\t\t\t<\/div>\n\t\t<div class=\"elementor-element elementor-element-4cf0ce7 e-flex e-con-boxed e-con e-parent\" data-id=\"4cf0ce7\" data-element_type=\"container\" data-e-type=\"container\">\n\t\t\t\t\t<div class=\"e-con-inner\">\n\t\t\t\t<div class=\"elementor-element elementor-element-1616e853 elementor-widget-divider--view-line elementor-widget elementor-widget-divider\" data-id=\"1616e853\" data-element_type=\"widget\" data-e-type=\"widget\" data-widget_type=\"divider.default\">\n\t\t\t\t\t\t\t<div class=\"elementor-divider\">\n\t\t\t<span class=\"elementor-divider-separator\">\n\t\t\t\t\t\t<\/span>\n\t\t<\/div>\n\t\t\t\t\t\t<\/div>\n\t\t\t\t\t<\/div>\n\t\t\t\t<\/div>\n\t\t<div class=\"elementor-element elementor-element-76fe1789 e-flex e-con-boxed e-con e-parent\" data-id=\"76fe1789\" data-element_type=\"container\" data-e-type=\"container\">\n\t\t\t\t\t<div class=\"e-con-inner\">\n\t\t\t\t<div class=\"elementor-element elementor-element-726ad0f4 elementor-widget elementor-widget-text-editor\" data-id=\"726ad0f4\" data-element_type=\"widget\" data-e-type=\"widget\" data-widget_type=\"text-editor.default\">\n\t\t\t\t\t\t\t\t\t<p><script src=\"https:\/\/js-sdk.dirs21.de\/89176586-e681-464f-bdd0-80bb3c05867b\" async=\"\"><span style=\"display: inline-block; width: 0px; overflow: hidden; line-height: 0;\" data-mce-type=\"bookmark\" class=\"mce_SELRES_start\"><\/span><span style=\"display: inline-block; width: 0px; overflow: hidden; line-height: 0;\" data-mce-type=\"bookmark\" class=\"mce_SELRES_start\"><\/span><\/script><\/p>\t\t\t\t\t\t\t\t<\/div>\n\t\t\t\t\t<\/div>\n\t\t\t\t<\/div>\n\t\t\t\t<\/div>\n\t\t","protected":false},"excerpt":{"rendered":"<p>Press Press release from 2025-04-10 TO THE PRESS RELEASE<\/p>\n","protected":false},"author":1,"featured_media":0,"parent":0,"menu_order":0,"comment_status":"closed","ping_status":"closed","template":"","meta":{"footnotes":""},"class_list":["post-1570","page","type-page","status-publish","hentry"],"yoast_head":"<!-- This site is optimized with the Yoast SEO plugin v27.4 - https:\/\/yoast.com\/product\/yoast-seo-wordpress\/ -->\n<title>Press - Heide Hotel Reinstorf bei L\u00fcneburg<\/title>\n<meta name=\"description\" content=\"Press, announcements, news, information, staff, changes, public relations, event calendar, L\u00fcneburg, Reinstorf, heath, highlights\" \/>\n<meta name=\"robots\" content=\"index, follow, max-snippet:-1, max-image-preview:large, max-video-preview:-1\" \/>\n<link rel=\"canonical\" href=\"https:\/\/heide-hotel-reinstorf.de\/en\/press\/\" \/>\n<meta property=\"og:locale\" content=\"en_US\" \/>\n<meta property=\"og:type\" content=\"article\" \/>\n<meta property=\"og:title\" content=\"Press - Heide Hotel Reinstorf bei L\u00fcneburg\" \/>\n<meta property=\"og:description\" content=\"Press, announcements, news, information, staff, changes, public relations, event calendar, L\u00fcneburg, Reinstorf, heath, highlights\" \/>\n<meta property=\"og:url\" content=\"https:\/\/heide-hotel-reinstorf.de\/en\/press\/\" \/>\n<meta property=\"og:site_name\" content=\"Heide Hotel Reinstorf bei L\u00fcneburg\" \/>\n<meta property=\"article:modified_time\" content=\"2026-03-24T14:09:39+00:00\" \/>\n<meta name=\"twitter:card\" content=\"summary_large_image\" \/>\n<script type=\"application\/ld+json\" class=\"yoast-schema-graph\">{\"@context\":\"https:\\\/\\\/schema.org\",\"@graph\":[{\"@type\":\"WebPage\",\"@id\":\"https:\\\/\\\/heide-hotel-reinstorf.de\\\/en\\\/press\\\/\",\"url\":\"https:\\\/\\\/heide-hotel-reinstorf.de\\\/en\\\/press\\\/\",\"name\":\"Press - Heide Hotel Reinstorf bei L\u00fcneburg\",\"isPartOf\":{\"@id\":\"https:\\\/\\\/heide-hotel-reinstorf.de\\\/en\\\/#website\"},\"datePublished\":\"2026-03-11T11:29:30+00:00\",\"dateModified\":\"2026-03-24T14:09:39+00:00\",\"description\":\"Press, announcements, news, information, staff, changes, public relations, event calendar, L\u00fcneburg, Reinstorf, heath, highlights\",\"breadcrumb\":{\"@id\":\"https:\\\/\\\/heide-hotel-reinstorf.de\\\/en\\\/press\\\/#breadcrumb\"},\"inLanguage\":\"en-US\",\"potentialAction\":[{\"@type\":\"ReadAction\",\"target\":[\"https:\\\/\\\/heide-hotel-reinstorf.de\\\/en\\\/press\\\/\"]}]},{\"@type\":\"BreadcrumbList\",\"@id\":\"https:\\\/\\\/heide-hotel-reinstorf.de\\\/en\\\/press\\\/#breadcrumb\",\"itemListElement\":[{\"@type\":\"ListItem\",\"position\":1,\"name\":\"Start\",\"item\":\"https:\\\/\\\/heide-hotel-reinstorf.de\\\/en\\\/start\\\/\"},{\"@type\":\"ListItem\",\"position\":2,\"name\":\"Press\"}]},{\"@type\":\"WebSite\",\"@id\":\"https:\\\/\\\/heide-hotel-reinstorf.de\\\/en\\\/#website\",\"url\":\"https:\\\/\\\/heide-hotel-reinstorf.de\\\/en\\\/\",\"name\":\"Heide Hotel Reinstorf bei L\u00fcneburg\",\"description\":\"Tagen | Feiern | Heiraten | \u00dcbernachten &amp; Verw\u00f6hnen lassen direkt in der Ostheide\",\"publisher\":{\"@id\":\"https:\\\/\\\/heide-hotel-reinstorf.de\\\/en\\\/#organization\"},\"potentialAction\":[{\"@type\":\"SearchAction\",\"target\":{\"@type\":\"EntryPoint\",\"urlTemplate\":\"https:\\\/\\\/heide-hotel-reinstorf.de\\\/en\\\/?s={search_term_string}\"},\"query-input\":{\"@type\":\"PropertyValueSpecification\",\"valueRequired\":true,\"valueName\":\"search_term_string\"}}],\"inLanguage\":\"en-US\"},{\"@type\":\"Organization\",\"@id\":\"https:\\\/\\\/heide-hotel-reinstorf.de\\\/en\\\/#organization\",\"name\":\"Heide Hotel Reinstorf bei L\u00fcneburg\",\"url\":\"https:\\\/\\\/heide-hotel-reinstorf.de\\\/en\\\/\",\"logo\":{\"@type\":\"ImageObject\",\"inLanguage\":\"en-US\",\"@id\":\"https:\\\/\\\/heide-hotel-reinstorf.de\\\/en\\\/#\\\/schema\\\/logo\\\/image\\\/\",\"url\":\"https:\\\/\\\/heide-hotel-reinstorf.de\\\/wp-content\\\/uploads\\\/2026\\\/03\\\/Logo_Heide_Hotel_Slogan-02.png\",\"contentUrl\":\"https:\\\/\\\/heide-hotel-reinstorf.de\\\/wp-content\\\/uploads\\\/2026\\\/03\\\/Logo_Heide_Hotel_Slogan-02.png\",\"width\":302,\"height\":298,\"caption\":\"Heide Hotel Reinstorf bei L\u00fcneburg\"},\"image\":{\"@id\":\"https:\\\/\\\/heide-hotel-reinstorf.de\\\/en\\\/#\\\/schema\\\/logo\\\/image\\\/\"}}]}<\/script>\n<!-- \/ Yoast SEO plugin. -->","yoast_head_json":{"title":"Press - Heide Hotel Reinstorf bei L\u00fcneburg","description":"Press, announcements, news, information, staff, changes, public relations, event calendar, L\u00fcneburg, Reinstorf, heath, highlights","robots":{"index":"index","follow":"follow","max-snippet":"max-snippet:-1","max-image-preview":"max-image-preview:large","max-video-preview":"max-video-preview:-1"},"canonical":"https:\/\/heide-hotel-reinstorf.de\/en\/press\/","og_locale":"en_US","og_type":"article","og_title":"Press - Heide Hotel Reinstorf bei L\u00fcneburg","og_description":"Press, announcements, news, information, staff, changes, public relations, event calendar, L\u00fcneburg, Reinstorf, heath, highlights","og_url":"https:\/\/heide-hotel-reinstorf.de\/en\/press\/","og_site_name":"Heide Hotel Reinstorf bei L\u00fcneburg","article_modified_time":"2026-03-24T14:09:39+00:00","twitter_card":"summary_large_image","schema":{"@context":"https:\/\/schema.org","@graph":[{"@type":"WebPage","@id":"https:\/\/heide-hotel-reinstorf.de\/en\/press\/","url":"https:\/\/heide-hotel-reinstorf.de\/en\/press\/","name":"Press - Heide Hotel Reinstorf bei L\u00fcneburg","isPartOf":{"@id":"https:\/\/heide-hotel-reinstorf.de\/en\/#website"},"datePublished":"2026-03-11T11:29:30+00:00","dateModified":"2026-03-24T14:09:39+00:00","description":"Press, announcements, news, information, staff, changes, public relations, event calendar, L\u00fcneburg, Reinstorf, heath, highlights","breadcrumb":{"@id":"https:\/\/heide-hotel-reinstorf.de\/en\/press\/#breadcrumb"},"inLanguage":"en-US","potentialAction":[{"@type":"ReadAction","target":["https:\/\/heide-hotel-reinstorf.de\/en\/press\/"]}]},{"@type":"BreadcrumbList","@id":"https:\/\/heide-hotel-reinstorf.de\/en\/press\/#breadcrumb","itemListElement":[{"@type":"ListItem","position":1,"name":"Start","item":"https:\/\/heide-hotel-reinstorf.de\/en\/start\/"},{"@type":"ListItem","position":2,"name":"Press"}]},{"@type":"WebSite","@id":"https:\/\/heide-hotel-reinstorf.de\/en\/#website","url":"https:\/\/heide-hotel-reinstorf.de\/en\/","name":"Heide Hotel Reinstorf bei L\u00fcneburg","description":"Tagen | Feiern | Heiraten | \u00dcbernachten &amp; Verw\u00f6hnen lassen direkt in der Ostheide","publisher":{"@id":"https:\/\/heide-hotel-reinstorf.de\/en\/#organization"},"potentialAction":[{"@type":"SearchAction","target":{"@type":"EntryPoint","urlTemplate":"https:\/\/heide-hotel-reinstorf.de\/en\/?s={search_term_string}"},"query-input":{"@type":"PropertyValueSpecification","valueRequired":true,"valueName":"search_term_string"}}],"inLanguage":"en-US"},{"@type":"Organization","@id":"https:\/\/heide-hotel-reinstorf.de\/en\/#organization","name":"Heide Hotel Reinstorf bei L\u00fcneburg","url":"https:\/\/heide-hotel-reinstorf.de\/en\/","logo":{"@type":"ImageObject","inLanguage":"en-US","@id":"https:\/\/heide-hotel-reinstorf.de\/en\/#\/schema\/logo\/image\/","url":"https:\/\/heide-hotel-reinstorf.de\/wp-content\/uploads\/2026\/03\/Logo_Heide_Hotel_Slogan-02.png","contentUrl":"https:\/\/heide-hotel-reinstorf.de\/wp-content\/uploads\/2026\/03\/Logo_Heide_Hotel_Slogan-02.png","width":302,"height":298,"caption":"Heide Hotel Reinstorf bei L\u00fcneburg"},"image":{"@id":"https:\/\/heide-hotel-reinstorf.de\/en\/#\/schema\/logo\/image\/"}}]}},"_links":{"self":[{"href":"https:\/\/heide-hotel-reinstorf.de\/en\/wp-json\/wp\/v2\/pages\/1570","targetHints":{"allow":["GET"]}}],"collection":[{"href":"https:\/\/heide-hotel-reinstorf.de\/en\/wp-json\/wp\/v2\/pages"}],"about":[{"href":"https:\/\/heide-hotel-reinstorf.de\/en\/wp-json\/wp\/v2\/types\/page"}],"author":[{"embeddable":true,"href":"https:\/\/heide-hotel-reinstorf.de\/en\/wp-json\/wp\/v2\/users\/1"}],"replies":[{"embeddable":true,"href":"https:\/\/heide-hotel-reinstorf.de\/en\/wp-json\/wp\/v2\/comments?post=1570"}],"version-history":[{"count":3,"href":"https:\/\/heide-hotel-reinstorf.de\/en\/wp-json\/wp\/v2\/pages\/1570\/revisions"}],"predecessor-version":[{"id":1767,"href":"https:\/\/heide-hotel-reinstorf.de\/en\/wp-json\/wp\/v2\/pages\/1570\/revisions\/1767"}],"wp:attachment":[{"href":"https:\/\/heide-hotel-reinstorf.de\/en\/wp-json\/wp\/v2\/media?parent=1570"}],"curies":[{"name":"wp","href":"https:\/\/api.w.org\/{rel}","templated":true}]}}